{"id":10,"date":"2015-11-28T20:40:09","date_gmt":"2015-11-28T19:40:09","guid":{"rendered":"http:\/\/von-perbandt.de\/new\/?page_id=10"},"modified":"2015-11-28T20:40:09","modified_gmt":"2015-11-28T19:40:09","slug":"scheitholz","status":"publish","type":"page","link":"https:\/\/von-perbandt.de\/?page_id=10","title":{"rendered":"Scheitholz"},"content":{"rendered":"<h1>Scheitholz<\/h1>\n<p><span style=\"font-size: 14px;\"><strong>Die Firma baut erfolgreich seit 2000 handbeschickte Scheitholzanlagen von Viessmann, Fischer und Solarfocus ein.<\/strong><\/span><\/p>\n<p>Scheitholzanlagen von Viessmann<br \/>\n<a title=\"Viessmann - Komplettangebot f\u00fcr Ihre Heizung | \u00d6l | Gas | Solar | Holz | W\u00e4rmepumpe\" href=\"http:\/\/www.viessmann.de\" target=\"_blank\" rel=\"noopener\">Viessmann &#8211; Komplettangebot f\u00fcr Ihre Heizung<\/a><\/p>\n<p>Scheitholzanlagen von Fischer<br \/>\n<a href=\"http:\/\/www.fischer-heiztechnik.de\/\">www.fischer-heiztechnik.de\/<\/a><\/p>\n<p>Scheitholzanlagen von Solarfocus<br \/>\n<a href=\"http:\/\/www.solarfocus.at\">www.solarfocus.at<\/a><\/p>\n","protected":false},"excerpt":{"rendered":"<p>Scheitholz Die Firma baut erfolgreich seit 2000 handbeschickte Scheitholzanlagen von Viessmann, Fischer und Solarfocus ein. Scheitholzanlagen von Viessmann Viessmann &#8211; Komplettangebot f\u00fcr Ihre Heizung Scheitholzanlagen von Fischer www.fischer-heiztechnik.de\/ Scheitholzanlagen von Solarfocus www.solarfocus.at<\/p>\n","protected":false},"author":1,"featured_media":0,"parent":0,"menu_order":0,"comment_status":"closed","ping_status":"closed","template":"","meta":{"footnotes":""},"class_list":["post-10","page","type-page","status-publish","hentry"],"_links":{"self":[{"href":"https:\/\/von-perbandt.de\/index.php?rest_route=\/wp\/v2\/pages\/10","targetHints":{"allow":["GET"]}}],"collection":[{"href":"https:\/\/von-perbandt.de\/index.php?rest_route=\/wp\/v2\/pages"}],"about":[{"href":"https:\/\/von-perbandt.de\/index.php?rest_route=\/wp\/v2\/types\/page"}],"author":[{"embeddable":true,"href":"https:\/\/von-perbandt.de\/index.php?rest_route=\/wp\/v2\/users\/1"}],"replies":[{"embeddable":true,"href":"https:\/\/von-perbandt.de\/index.php?rest_route=%2Fwp%2Fv2%2Fcomments&post=10"}],"version-history":[{"count":0,"href":"https:\/\/von-perbandt.de\/index.php?rest_route=\/wp\/v2\/pages\/10\/revisions"}],"wp:attachment":[{"href":"https:\/\/von-perbandt.de\/index.php?rest_route=%2Fwp%2Fv2%2Fmedia&parent=10"}],"curies":[{"name":"wp","href":"https:\/\/api.w.org\/{rel}","templated":true}]}}