{"id":102,"date":"2015-11-28T20:47:36","date_gmt":"2015-11-28T19:47:36","guid":{"rendered":"http:\/\/von-perbandt.de\/new\/?page_id=4"},"modified":"2021-04-03T10:09:25","modified_gmt":"2021-04-03T10:09:25","slug":"willkommen","status":"publish","type":"page","link":"https:\/\/von-perbandt.de\/","title":{"rendered":"Herzlich Willkommen"},"content":{"rendered":"<h2>auf Heiztechnik Rolf von Perbandt.<\/h2>\n<p>Ihr kompetenter Partner wenn es um zukunftsorientiertes Heizen geht.<\/p>\n<p>Wir bauen individuel nach Ihren W\u00fcnschen Ihre eigene Heizungsanlage, egal ob die Anlage mit Pellets, Solar, Scheitholz, Hackschnitzel, mit \u00d6l, Gas, Strom oder in einer bestimmten Kombination betrieben werden soll. Wir haben die passende L\u00f6sung f\u00fcr Sie.\u00a0 Durch jahrelange Erfahrung in allen Bereichen, sowie kompetente und gewissenhafte Planung von Anfang bis zur Inbetriebnahme Ihrer Heizungsanlage. Bei uns finden Sie alles was Sie brauchen.<\/p>\n<p>Auf den folgenden Seiten finden Sie alle Informationen \u00fcber unsere T\u00e4tigkeitsfelder.<\/p>\n<p>\u00a0<\/p>\n\n\n<figure class=\"wp-block-image size-large\"><img loading=\"lazy\" decoding=\"async\" width=\"165\" height=\"165\" src=\"https:\/\/von-perbandt.de\/wp-content\/uploads\/2017\/12\/Logo_Pelletfachbetrieb-1.gif\" alt=\"\" class=\"wp-image-114\"\/><\/figure>\n","protected":false},"excerpt":{"rendered":"<p>auf Heiztechnik Rolf von Perbandt. Ihr kompetenter Partner wenn es um zukunftsorientiertes Heizen geht. Wir bauen individuel nach Ihren W\u00fcnschen Ihre eigene Heizungsanlage, egal ob die Anlage mit Pellets, Solar, Scheitholz, Hackschnitzel, mit \u00d6l, Gas, Strom oder in einer bestimmten Kombination betrieben werden soll. Wir haben die passende L\u00f6sung f\u00fcr Sie.\u00a0 Durch jahrelange Erfahrung in [&hellip;]<\/p>\n","protected":false},"author":1,"featured_media":0,"parent":0,"menu_order":0,"comment_status":"closed","ping_status":"closed","template":"","meta":{"footnotes":""},"class_list":["post-102","page","type-page","status-publish","hentry"],"_links":{"self":[{"href":"https:\/\/von-perbandt.de\/index.php?rest_route=\/wp\/v2\/pages\/102","targetHints":{"allow":["GET"]}}],"collection":[{"href":"https:\/\/von-perbandt.de\/index.php?rest_route=\/wp\/v2\/pages"}],"about":[{"href":"https:\/\/von-perbandt.de\/index.php?rest_route=\/wp\/v2\/types\/page"}],"author":[{"embeddable":true,"href":"https:\/\/von-perbandt.de\/index.php?rest_route=\/wp\/v2\/users\/1"}],"replies":[{"embeddable":true,"href":"https:\/\/von-perbandt.de\/index.php?rest_route=%2Fwp%2Fv2%2Fcomments&post=102"}],"version-history":[{"count":1,"href":"https:\/\/von-perbandt.de\/index.php?rest_route=\/wp\/v2\/pages\/102\/revisions"}],"predecessor-version":[{"id":146,"href":"https:\/\/von-perbandt.de\/index.php?rest_route=\/wp\/v2\/pages\/102\/revisions\/146"}],"wp:attachment":[{"href":"https:\/\/von-perbandt.de\/index.php?rest_route=%2Fwp%2Fv2%2Fmedia&parent=102"}],"curies":[{"name":"wp","href":"https:\/\/api.w.org\/{rel}","templated":true}]}}