{"id":12,"date":"2015-11-28T20:41:03","date_gmt":"2015-11-28T19:41:03","guid":{"rendered":"http:\/\/von-perbandt.de\/new\/?page_id=12"},"modified":"2015-11-28T20:41:03","modified_gmt":"2015-11-28T19:41:03","slug":"scheitholz-und-pellets","status":"publish","type":"page","link":"https:\/\/von-perbandt.de\/?page_id=12","title":{"rendered":"Scheitholz und Pellets"},"content":{"rendered":"<h1>Scheitholz und Pellets<\/h1>\n<p><span style=\"font-size: 14px;\"><strong>Die Firma baut seit 2000 Scheitholz, Pellets und Kombinationen erfolgreich ein.<\/strong><\/span><\/p>\n<p><a href=\"http:\/\/www.solarfocus.at\">www.solarfocus.at<\/a><\/p>\n<p><a title=\"Viessmann - Komplettangebot f\u00fcr Ihre Heizung | \u00d6l | Gas | Solar | Holz | W\u00e4rmepumpe\" href=\"http:\/\/www.viessmann.de\" target=\"_blank\" rel=\"noopener\">Viessmann &#8211; Komplettangebot f\u00fcr Ihre Heizung<\/a><\/p>\n<p>&nbsp;<\/p>\n<p><big>KWB :\u00a0<\/big><\/p>\n<p><a href=\"http:\/\/www.kwbheizung.de\">www.kwbheizung.de<\/a><\/p>\n<p><span style=\"font-family: Consolas;\"><span style=\"font-size: 14px;\">KWB Easyfire Pelletheizung Montagesimulation<\/span><\/span><\/p>\n<p><iframe loading=\"lazy\" src=\"http:\/\/www.youtube.com\/embed\/NLKBard78XI\" width=\"560\" height=\"315\" frameborder=\"0\" allowfullscreen=\"allowfullscreen\"><\/iframe><\/p>\n<p style=\"font-family: 'Times New Roman'; font-size: medium;\"><span style=\"font-family: Consolas; font-size: 10.5pt;\">So funktioniert die Pelletheizung KWB Easyfire mit CleanEfficiency-Technologie<\/span><\/p>\n<p><iframe loading=\"lazy\" src=\"http:\/\/www.youtube.com\/embed\/2naBE56yM9I?list=PL0C72E1029062BA21&amp;hl=de_DE\" width=\"560\" height=\"315\" frameborder=\"0\" allowfullscreen=\"allowfullscreen\"><\/iframe><\/p>\n","protected":false},"excerpt":{"rendered":"<p>Scheitholz und Pellets Die Firma baut seit 2000 Scheitholz, Pellets und Kombinationen erfolgreich ein. www.solarfocus.at Viessmann &#8211; Komplettangebot f\u00fcr Ihre Heizung &nbsp; KWB :\u00a0 www.kwbheizung.de KWB Easyfire Pelletheizung Montagesimulation So funktioniert die Pelletheizung KWB Easyfire mit CleanEfficiency-Technologie<\/p>\n","protected":false},"author":1,"featured_media":0,"parent":0,"menu_order":0,"comment_status":"closed","ping_status":"closed","template":"","meta":{"footnotes":""},"class_list":["post-12","page","type-page","status-publish","hentry"],"_links":{"self":[{"href":"https:\/\/von-perbandt.de\/index.php?rest_route=\/wp\/v2\/pages\/12","targetHints":{"allow":["GET"]}}],"collection":[{"href":"https:\/\/von-perbandt.de\/index.php?rest_route=\/wp\/v2\/pages"}],"about":[{"href":"https:\/\/von-perbandt.de\/index.php?rest_route=\/wp\/v2\/types\/page"}],"author":[{"embeddable":true,"href":"https:\/\/von-perbandt.de\/index.php?rest_route=\/wp\/v2\/users\/1"}],"replies":[{"embeddable":true,"href":"https:\/\/von-perbandt.de\/index.php?rest_route=%2Fwp%2Fv2%2Fcomments&post=12"}],"version-history":[{"count":0,"href":"https:\/\/von-perbandt.de\/index.php?rest_route=\/wp\/v2\/pages\/12\/revisions"}],"wp:attachment":[{"href":"https:\/\/von-perbandt.de\/index.php?rest_route=%2Fwp%2Fv2%2Fmedia&parent=12"}],"curies":[{"name":"wp","href":"https:\/\/api.w.org\/{rel}","templated":true}]}}