{"id":18,"date":"2015-11-28T20:42:06","date_gmt":"2015-11-28T19:42:06","guid":{"rendered":"http:\/\/von-perbandt.de\/new\/?page_id=18"},"modified":"2015-11-28T20:42:06","modified_gmt":"2015-11-28T19:42:06","slug":"sanitaer","status":"publish","type":"page","link":"https:\/\/von-perbandt.de\/?page_id=18","title":{"rendered":"Sanit\u00e4r"},"content":{"rendered":"<h1>Sanit\u00e4r<\/h1>\n<p>Wir k\u00fcmmern uns nat\u00fcrlich nicht nur um ein warmes Wohnzimmer,<br \/>\nsondern auch um ein sch\u00f6nes und funktionierendes Bad<\/p>\n<p>Im Sanit\u00e4ren Bereich setzen wir auf folgenden f\u00fchrenden Unternehmen:<\/p>\n<ul>\n<li><span style=\"font-size: 14px;\">Duravit<\/span><\/li>\n<li><span style=\"font-size: 14px;\">Kermi<\/span><\/li>\n<li><span style=\"font-size: 14px;\">Geberit<\/span><\/li>\n<li><span style=\"font-size: 14px;\">Villeray und Boch<\/span><\/li>\n<li><span style=\"font-size: 14px;\">Ideal Standard<\/span><\/li>\n<li><span style=\"font-size: 14px;\">Friedrich Grohe<\/span><\/li>\n<li><span style=\"font-size: 14px;\">Hansgrohe<\/span><\/li>\n<li><span style=\"font-size: 14px;\">Kludi, Bette<\/span><\/li>\n<li><span style=\"font-size: 14px;\">Kaldewei<\/span><\/li>\n<li><span style=\"font-size: 14px;\">H\u00fcppe<\/span><\/li>\n<li><span style=\"font-size: 14px;\">Korlle<\/span><\/li>\n<li><span style=\"font-size: 14px;\">H\u00f6sch <\/span><\/li>\n<li><span style=\"font-size: 14px;\">Vitra<\/span><\/li>\n<\/ul>\n","protected":false},"excerpt":{"rendered":"<p>Sanit\u00e4r Wir k\u00fcmmern uns nat\u00fcrlich nicht nur um ein warmes Wohnzimmer, sondern auch um ein sch\u00f6nes und funktionierendes Bad Im Sanit\u00e4ren Bereich setzen wir auf folgenden f\u00fchrenden Unternehmen: Duravit Kermi Geberit Villeray und Boch Ideal Standard Friedrich Grohe Hansgrohe Kludi, Bette Kaldewei H\u00fcppe Korlle H\u00f6sch Vitra<\/p>\n","protected":false},"author":1,"featured_media":0,"parent":0,"menu_order":0,"comment_status":"closed","ping_status":"closed","template":"","meta":{"footnotes":""},"class_list":["post-18","page","type-page","status-publish","hentry"],"_links":{"self":[{"href":"https:\/\/von-perbandt.de\/index.php?rest_route=\/wp\/v2\/pages\/18","targetHints":{"allow":["GET"]}}],"collection":[{"href":"https:\/\/von-perbandt.de\/index.php?rest_route=\/wp\/v2\/pages"}],"about":[{"href":"https:\/\/von-perbandt.de\/index.php?rest_route=\/wp\/v2\/types\/page"}],"author":[{"embeddable":true,"href":"https:\/\/von-perbandt.de\/index.php?rest_route=\/wp\/v2\/users\/1"}],"replies":[{"embeddable":true,"href":"https:\/\/von-perbandt.de\/index.php?rest_route=%2Fwp%2Fv2%2Fcomments&post=18"}],"version-history":[{"count":0,"href":"https:\/\/von-perbandt.de\/index.php?rest_route=\/wp\/v2\/pages\/18\/revisions"}],"wp:attachment":[{"href":"https:\/\/von-perbandt.de\/index.php?rest_route=%2Fwp%2Fv2%2Fmedia&parent=18"}],"curies":[{"name":"wp","href":"https:\/\/api.w.org\/{rel}","templated":true}]}}