{"id":32,"date":"2015-11-28T20:45:29","date_gmt":"2015-11-28T19:45:29","guid":{"rendered":"http:\/\/von-perbandt.de\/new\/?page_id=32"},"modified":"2015-11-28T20:45:29","modified_gmt":"2015-11-28T19:45:29","slug":"pressemitteilungen","status":"publish","type":"page","link":"https:\/\/von-perbandt.de\/?page_id=32","title":{"rendered":"Pressemitteilungen"},"content":{"rendered":"<h1>PRESSEMITTEILUNG<\/h1>\n<p><span style=\"font-size: 16px;\">Deutsches Pelletinstitut bescheinigt Kompetenz in Sachen umweltfreundliche W\u00e4rme aus Biomasse.<\/span><span style=\"font-size: 16px;\"><br \/>\n<\/span><\/p>\n<p><span style=\"font-size: 16px;\"><strong>Heiztechnik Rolf von Perbandt ist jetzt ausgezeichneter Fachbetrieb f\u00fcr Pellets und Biomasse!<\/strong><\/span><\/p>\n<p>&nbsp;<\/p>\n<p>&nbsp;<\/p>\n<p><span style=\"font-size: 16px;\"><strong>Illertissen \/\u00a0Tiefenbach 05.09.2011.<\/strong><\/span><\/p>\n<p><span style=\"font-size: 16px;\"><strong>Der Heizungsspezialist der Firma Heiztechnik Rolf von Perbandt aus 89 257 Illertissen\/Tiefenbach darf sich ab sofort ,,Fachbetrieb f\u00fcr Pellets und Biomasse &#8220; nennen.<\/strong><\/span><\/p>\n<p><span style=\"font-size: 16px;\">Am 19. Mai 2011 hat der Handwerksbetrieb in Kempten an einer Fachschulung des Deutschen Pelletsinstituts (DEPI) und des Fachsverbandes Sanit\u00e4r Heizung Klima Bayern teilgenommen. Dort wurde die Kompetenz f\u00fcr den Einbau von Pelletskesseln &#8222;schwarz auf wei\u00df&#8220; in Form einer Urkunde best\u00e4tigt. Daf\u00fcr musste die Firma, dass die notwendigen technischen Schulungen besucht wurden und bereits jahrelange Erfahrung im Einbau von Pelletskesseln vorhanden ist.<\/span><span style=\"font-size: 16px;\"><br \/>\n<\/span><\/p>\n<p><span style=\"font-size: 16px;\">&#8222;F\u00fcr uns kein Problem &#8220; , sagt Rolf von Perbandt. Mit meinem Fachwissen aus jahrelanger Erfahrung, habe ich s\u00e4mtliche Variationen von Pellets Kesseln selber geplant und eingebaut. Au\u00dferdem verf\u00fcgt der Heizungsbauer Rolf von Perbandt \u00fcber gute Kenntnisse im Einbau von Pellets- und Hackschnitzelkessel von<strong> KWB<\/strong>. Sowie Pellets-Brenner und Kombikessel von <strong>Biosol<\/strong>, Scheitholz-PelletsKombinationskessel <strong>(Therminator) von Solarfocus<\/strong>, Scheitholzkessel von der Firma <strong>Fischer <\/strong>aus G\u00fcnzburg sowie gr\u00f6ssere handbeschickte Scheitholzkessel von<strong> Viessmann <\/strong>die eine Leistung\u00a0 bis 170 KW haben. Weiterhin von Pellets- und Kamin\u00f6fen f\u00fcr den Wohnbereich.<\/span><\/p>\n<p><span style=\"font-size: 16px;\">Somit ist Heizungsbauer Rolf von Perbandt ein kompetenter Ansprechpartner rund um das klimafreundliche Heizen mit heimischen Holz.<\/span><span style=\"font-size: 16px;\"><br \/>\n<\/span><\/p>\n<p><img loading=\"lazy\" decoding=\"async\" src=\"http:\/\/von-perbandt.de\/old\/media\/IMG_9281.JPG\" alt=\"\" width=\"422\" height=\"551\" \/><\/p>\n","protected":false},"excerpt":{"rendered":"<p>PRESSEMITTEILUNG Deutsches Pelletinstitut bescheinigt Kompetenz in Sachen umweltfreundliche W\u00e4rme aus Biomasse. Heiztechnik Rolf von Perbandt ist jetzt ausgezeichneter Fachbetrieb f\u00fcr Pellets und Biomasse! &nbsp; &nbsp; Illertissen \/\u00a0Tiefenbach 05.09.2011. Der Heizungsspezialist der Firma Heiztechnik Rolf von Perbandt aus 89 257 Illertissen\/Tiefenbach darf sich ab sofort ,,Fachbetrieb f\u00fcr Pellets und Biomasse &#8220; nennen. Am 19. Mai 2011 [&hellip;]<\/p>\n","protected":false},"author":1,"featured_media":0,"parent":0,"menu_order":0,"comment_status":"closed","ping_status":"closed","template":"","meta":{"footnotes":""},"class_list":["post-32","page","type-page","status-publish","hentry"],"_links":{"self":[{"href":"https:\/\/von-perbandt.de\/index.php?rest_route=\/wp\/v2\/pages\/32","targetHints":{"allow":["GET"]}}],"collection":[{"href":"https:\/\/von-perbandt.de\/index.php?rest_route=\/wp\/v2\/pages"}],"about":[{"href":"https:\/\/von-perbandt.de\/index.php?rest_route=\/wp\/v2\/types\/page"}],"author":[{"embeddable":true,"href":"https:\/\/von-perbandt.de\/index.php?rest_route=\/wp\/v2\/users\/1"}],"replies":[{"embeddable":true,"href":"https:\/\/von-perbandt.de\/index.php?rest_route=%2Fwp%2Fv2%2Fcomments&post=32"}],"version-history":[{"count":1,"href":"https:\/\/von-perbandt.de\/index.php?rest_route=\/wp\/v2\/pages\/32\/revisions"}],"predecessor-version":[{"id":147,"href":"https:\/\/von-perbandt.de\/index.php?rest_route=\/wp\/v2\/pages\/32\/revisions\/147"}],"wp:attachment":[{"href":"https:\/\/von-perbandt.de\/index.php?rest_route=%2Fwp%2Fv2%2Fmedia&parent=32"}],"curies":[{"name":"wp","href":"https:\/\/api.w.org\/{rel}","templated":true}]}}