{"id":34,"date":"2015-11-28T20:46:10","date_gmt":"2015-11-28T19:46:10","guid":{"rendered":"http:\/\/von-perbandt.de\/new\/?page_id=34"},"modified":"2015-11-28T20:46:10","modified_gmt":"2015-11-28T19:46:10","slug":"organisationen-die-unterstuetzt-werden","status":"publish","type":"page","link":"https:\/\/von-perbandt.de\/?page_id=34","title":{"rendered":"Organisationen die Unterst\u00fctzt werden"},"content":{"rendered":"<h1>Organisationen<\/h1>\n<h2>die durch uns Unterst\u00fctzt werden<\/h2>\n<p><span style=\"font-size: 18px;\">Die Firma Heiztechnik Rolf von Perbandt hat durch die mithilfe seiner Kunden diese Organisationen \u00fcbers Jahr hin Unterst\u00fctzt. <\/span><\/p>\n<ul>\n<li><span style=\"font-size: 18px;\"><strong>Die Drachenkinder von Radio 7<\/strong> <strong>(Kinder aus unserer Region)<\/strong><\/span><\/li>\n<li><span style=\"font-size: 18px;\"><strong>\u00c4rzte Ohne Grenzen<\/strong><\/span><\/li>\n<li><span style=\"font-size: 18px;\"><strong>Greenpeace<\/strong><\/span><\/li>\n<li><span style=\"font-size: 18px;\"><strong>Patenschaft f\u00fcr ein Schulkind in Honduras <\/strong>(seit ein paar Jahren)<strong><br \/>\n<\/strong><\/span><\/li>\n<\/ul>\n","protected":false},"excerpt":{"rendered":"<p>Organisationen die durch uns Unterst\u00fctzt werden Die Firma Heiztechnik Rolf von Perbandt hat durch die mithilfe seiner Kunden diese Organisationen \u00fcbers Jahr hin Unterst\u00fctzt. Die Drachenkinder von Radio 7 (Kinder aus unserer Region) \u00c4rzte Ohne Grenzen Greenpeace Patenschaft f\u00fcr ein Schulkind in Honduras (seit ein paar Jahren)<\/p>\n","protected":false},"author":1,"featured_media":0,"parent":0,"menu_order":0,"comment_status":"closed","ping_status":"closed","template":"","meta":{"footnotes":""},"class_list":["post-34","page","type-page","status-publish","hentry"],"_links":{"self":[{"href":"https:\/\/von-perbandt.de\/index.php?rest_route=\/wp\/v2\/pages\/34","targetHints":{"allow":["GET"]}}],"collection":[{"href":"https:\/\/von-perbandt.de\/index.php?rest_route=\/wp\/v2\/pages"}],"about":[{"href":"https:\/\/von-perbandt.de\/index.php?rest_route=\/wp\/v2\/types\/page"}],"author":[{"embeddable":true,"href":"https:\/\/von-perbandt.de\/index.php?rest_route=\/wp\/v2\/users\/1"}],"replies":[{"embeddable":true,"href":"https:\/\/von-perbandt.de\/index.php?rest_route=%2Fwp%2Fv2%2Fcomments&post=34"}],"version-history":[{"count":0,"href":"https:\/\/von-perbandt.de\/index.php?rest_route=\/wp\/v2\/pages\/34\/revisions"}],"wp:attachment":[{"href":"https:\/\/von-perbandt.de\/index.php?rest_route=%2Fwp%2Fv2%2Fmedia&parent=34"}],"curies":[{"name":"wp","href":"https:\/\/api.w.org\/{rel}","templated":true}]}}