{"id":6,"date":"2015-11-28T20:39:05","date_gmt":"2015-11-28T19:39:05","guid":{"rendered":"http:\/\/von-perbandt.de\/new\/?page_id=6"},"modified":"2015-11-28T20:39:05","modified_gmt":"2015-11-28T19:39:05","slug":"ueber-den-meisterbetrieb","status":"publish","type":"page","link":"https:\/\/von-perbandt.de\/?page_id=6","title":{"rendered":"\u00dcber den Meisterbetrieb"},"content":{"rendered":"<h1>\u00dcber den Meisterbetrieb:<\/h1>\n<p><span style=\"font-size: 16px;\">Rolf von Perbandt hat nach seiner Lehrzeit die Gesellenpr\u00fcfung als Zentralheizungs- und L\u00fcftungsbauer mit Erfolg bestanden. Nach jahrelanger Berufserfahrung im Heizungs- und Sanit\u00e4rbereich ist er zur Weiterbildung 1999 nach Freiburg auf die Meisterschule gegangen.Im Februar 2000 wurde diese Meisterausbildung als Installateur- und Heizungsbaumeister sowie die Solarfachkraft mit Erfolg abgeschlossen.<\/span><\/p>\n<p><span style=\"font-size: 16px;\">Der Meisterbetrieb Heiztechnik Rolf von Perbandt wurde am 01.07.2000 gegr\u00fcndet. Seit Anfang an hat Rolf von Perbandt sich mit regenerativen \u00d6ko-Heizsystemen und Solaranlagen auseinander gesetzt. Die ersten Pelletsanlagen wurden 2001 gebaut. Sein Erfahrungsschatz erstreckt sich \u00fcber s\u00e4mtliche Heiztsysteme wie Brennwerttechnik bei \u00d6l oder Gas, W\u00e4rmepumpen, klein BHKW, Fernw\u00e4rme \u00dcbergabestationen, Solaranlagen, Hackschnitzel, Scheitholz, Pellets und so weiter. <\/span><\/p>\n<p><span style=\"font-size: 16px;\">Die ersten Pelletsanlagen und Scheitholzpellets-Kombinationen wurden seit 2000 von der Planungsphase \u00fcber die Montage bis hin zur Inbetriebnahme der Anlagen, fachgerecht und f\u00fcr den Endverbraucher verst\u00e4ndlich gebaut.<\/span><\/p>\n<p><span style=\"font-size: 16px;\">Denn der Endverbraucher muss seine Anlage nach der Inbetriebnahme verstehen und bedienen k\u00f6nnen. <\/span><\/p>\n<p><span style=\"font-size: 16px;\">Durch die stetige umfangreiche Weiterbildung in dem gesamten Spektrum ist die Firma immer technisch auf dem neusten Stand. Durch die jahrelangen Erfahrungswerte ist das Arbeitsgebiet 2009 zum Sachverst\u00e4ndigen und Gutachter beim Ring Deutscher Gutachter erweitert worden. Seit Mai 2011 darf die Firma (Meisterbetrieb) sich als Fachbetrieb f\u00fcr Pellets und Biomasse nennen.<\/span><span style=\"font-size: 16px;\"><br \/>\n<\/span><\/p>\n<p><span style=\"font-size: 16px;\">Beratung wird bei uns gro\u00dfgeschrieben. Die Firma will Ihnen von der Planungsphase bis zum Abschluss der Arbeiten partnerschaftlich , kompetent und mit viel Erfahrung zur Seite stehen. Selbstverst\u00e4ndlich auch nach der Bauphase mit Wartung und Kundendienst weiterhin mit Ihnen gut zusammenarbeiten, damit Sie als Kunde Ihre Anlage fachgerecht, lange und kosteng\u00fcnstig betreiben k\u00f6nnen. Fragen werden stets gerne und fachkompetent beantwortet.<\/span><span style=\"font-size: 16px;\"><br \/>\n<\/span><\/p>\n<p><span style=\"font-size: 16px;\">Sie erreichen die Firma immer Montag bis Freitag von 7:00 Uhr bis 17:00 Uhr unter folgender Adresse:<\/span><\/p>\n<p><span style=\"font-size: 16px;\">\u00a0<\/span><\/p>\n<p><span style=\"font-size: 16px;\">Rolf von Perbandt <\/span><\/p>\n<p><span style=\"font-size: 16px;\">Im Wiesengrund 1<\/span><\/p>\n<p><span style=\"font-size: 16px;\">89257 Illertissen \/\u00a0Tiefenbach<\/span><\/p>\n<p><span style=\"font-size: 16px;\">Tel.:\u00a0\u00a0\u00a0\u00a0\u00a0\u00a0\u00a0\u00a0\u00a0\u00a0\u00a0\u00a0 07303 \/ 92 81 76<\/span><\/p>\n<p><span style=\"font-size: 16px;\">Fax:\u00a0\u00a0\u00a0\u00a0\u00a0\u00a0\u00a0\u00a0\u00a0\u00a0\u00a0\u00a0 07303 \/ 92 81 78<\/span><\/p>\n<p><span style=\"font-size: 16px;\">Mobil:\u00a0\u00a0\u00a0\u00a0\u00a0\u00a0\u00a0\u00a0\u00a0 015 77 45 22 77 4<\/span><\/p>\n<p><span style=\"font-size: 16px;\">e-Mail: Rolf-von-Perbandt@gmx.de<\/span><\/p>\n<p><span style=\"font-size: 16px;\">\u00a0<\/span><\/p>\n<p>&nbsp;<\/p>\n","protected":false},"excerpt":{"rendered":"<p>\u00dcber den Meisterbetrieb: Rolf von Perbandt hat nach seiner Lehrzeit die Gesellenpr\u00fcfung als Zentralheizungs- und L\u00fcftungsbauer mit Erfolg bestanden. Nach jahrelanger Berufserfahrung im Heizungs- und Sanit\u00e4rbereich ist er zur Weiterbildung 1999 nach Freiburg auf die Meisterschule gegangen.Im Februar 2000 wurde diese Meisterausbildung als Installateur- und Heizungsbaumeister sowie die Solarfachkraft mit Erfolg abgeschlossen. Der Meisterbetrieb Heiztechnik [&hellip;]<\/p>\n","protected":false},"author":1,"featured_media":0,"parent":0,"menu_order":0,"comment_status":"closed","ping_status":"closed","template":"","meta":{"footnotes":""},"class_list":["post-6","page","type-page","status-publish","hentry"],"_links":{"self":[{"href":"https:\/\/von-perbandt.de\/index.php?rest_route=\/wp\/v2\/pages\/6","targetHints":{"allow":["GET"]}}],"collection":[{"href":"https:\/\/von-perbandt.de\/index.php?rest_route=\/wp\/v2\/pages"}],"about":[{"href":"https:\/\/von-perbandt.de\/index.php?rest_route=\/wp\/v2\/types\/page"}],"author":[{"embeddable":true,"href":"https:\/\/von-perbandt.de\/index.php?rest_route=\/wp\/v2\/users\/1"}],"replies":[{"embeddable":true,"href":"https:\/\/von-perbandt.de\/index.php?rest_route=%2Fwp%2Fv2%2Fcomments&post=6"}],"version-history":[{"count":0,"href":"https:\/\/von-perbandt.de\/index.php?rest_route=\/wp\/v2\/pages\/6\/revisions"}],"wp:attachment":[{"href":"https:\/\/von-perbandt.de\/index.php?rest_route=%2Fwp%2Fv2%2Fmedia&parent=6"}],"curies":[{"name":"wp","href":"https:\/\/api.w.org\/{rel}","templated":true}]}}